{"id":821,"date":"2019-06-16T02:57:24","date_gmt":"2019-06-16T02:57:24","guid":{"rendered":"http:\/\/thesis-doctor.com\/?page_id=821"},"modified":"2025-09-24T14:42:45","modified_gmt":"2025-09-24T14:42:45","slug":"dr-felix-rodriguez","status":"publish","type":"page","link":"https:\/\/the-thesis-doctor.com\/index.php\/testimonials\/dr-felix-rodriguez\/","title":{"rendered":"Dr. Felix Rodriguez"},"content":{"rendered":"<h3>Dr. Felix Rodriguez, Ph.D in Art Education, Penn State University<\/h3>\n<blockquote><p>Dear Serene,<br \/>\nI hope everything is going well.<br \/>\nPlease see below my testimonial&#8230; Thanks a lot for everything.<\/p>\n<p>I sent my entire dissertation to Serene for editing before submitting to the committee. I was amazed and grateful she was able to do all the editing within a very tight deadline.<\/p>\n<p><img fetchpriority=\"high\" decoding=\"async\" class=\"alignnone size-medium wp-image-856 alignright\" src=\"http:\/\/thesis-doctor.com\/wp-content\/uploads\/2019\/06\/felix-library-300x223.png\" alt=\"\" width=\"300\" height=\"223\" srcset=\"https:\/\/the-thesis-doctor.com\/wp-content\/uploads\/2019\/06\/felix-library-300x223.png 300w, https:\/\/the-thesis-doctor.com\/wp-content\/uploads\/2019\/06\/felix-library-600x446.png 600w, https:\/\/the-thesis-doctor.com\/wp-content\/uploads\/2019\/06\/felix-library-768x570.png 768w, https:\/\/the-thesis-doctor.com\/wp-content\/uploads\/2019\/06\/felix-library-1024x760.png 1024w, https:\/\/the-thesis-doctor.com\/wp-content\/uploads\/2019\/06\/felix-library-360x267.png 360w, https:\/\/the-thesis-doctor.com\/wp-content\/uploads\/2019\/06\/felix-library.png 1041w\" sizes=\"(max-width: 300px) 100vw, 300px\" \/><\/p>\n<p>Serene not only attended elements of my writing I asked her to pay attention to, she also identified other areas of my writing that could be improved. I appreciate her flexibility in attending to my particular needs and preferences, but also <strong><span style=\"color: #800080;\">her proactive attitude of going above <\/span><\/strong><strong><span style=\"color: #800080;\">and <\/span><\/strong><strong><span style=\"color: #800080;\">beyond<\/span><\/strong> her call of duty to improve the readability of my work.<\/p>\n<p>She was <strong><span style=\"color: #800080;\">knowledgeable of the terminology and conventions of my field, art education.<\/span><\/strong><\/p>\n<p>Serene is someone who is <strong><span style=\"color: #800080;\">not only interested in helping you improve your writing<\/span><\/strong>, but is also <strong><span style=\"color: #800080;\">committed to helping you succeed<\/span><\/strong> in your project.<\/p>\n<p>&nbsp;<\/p>\n<p>Yo le envi\u00e9 mi tesis doctoral a Serene para que editara y corrigiera mi redacci\u00f3n antes de envi\u00e1rsela a mi comit\u00e9. Me sorprendi\u00f3 y me alivio bastante que Serene pudiera hacer todas las correcciones dentro de un plazo de tiempo muy corto.<\/p>\n<p>Serene no solo corrigi\u00f3 a elementos de mi escritura que yo le hab\u00eda pedido de antemano que le prestara atenci\u00f3n, sino que tambi\u00e9n identifico y corrigi\u00f3 otras \u00e1reas de mi texto que deb\u00edan mejorarse.<\/p>\n<p>Estoy contento con la flexibilidad de Serene para atender mis necesidades y preferencias particulares, pero tambi\u00e9n su actitud proactiva de ir m\u00e1s all\u00e1 de su deber para mejorar la legibilidad de mi trabajo. Ella conoc\u00eda la terminolog\u00eda y las convenciones de mi campo, la educaci\u00f3n art\u00edstica.<\/p>\n<p>Serene no solo est\u00e1 interesada en ayudarte a mejorar tu ensayo, sino que tambi\u00e9n est\u00e1 decidida a ayudarte a tener \u00e9xito en tu proyecto.<\/p>\n<p>Felix<\/p>\n<p>&nbsp;<\/p>\n<p>[May 2019]<\/p><\/blockquote>\n","protected":false},"excerpt":{"rendered":"<p>Dr. Felix Rodriguez, Ph.D in Art Education, Penn State University Dear Serene, I hope everything is going well. Please see below my testimonial&#8230; Thanks a lot for everything. I sent my entire dissertation to Serene for editing before submitting to the committee. I was amazed and grateful she was able to do all the editing [&hellip;]<\/p>\n","protected":false},"author":1,"featured_media":0,"parent":44,"menu_order":0,"comment_status":"closed","ping_status":"closed","template":"","meta":{"footnotes":""},"class_list":["post-821","page","type-page","status-publish","hentry"],"_links":{"self":[{"href":"https:\/\/the-thesis-doctor.com\/index.php\/wp-json\/wp\/v2\/pages\/821","targetHints":{"allow":["GET"]}}],"collection":[{"href":"https:\/\/the-thesis-doctor.com\/index.php\/wp-json\/wp\/v2\/pages"}],"about":[{"href":"https:\/\/the-thesis-doctor.com\/index.php\/wp-json\/wp\/v2\/types\/page"}],"author":[{"embeddable":true,"href":"https:\/\/the-thesis-doctor.com\/index.php\/wp-json\/wp\/v2\/users\/1"}],"replies":[{"embeddable":true,"href":"https:\/\/the-thesis-doctor.com\/index.php\/wp-json\/wp\/v2\/comments?post=821"}],"version-history":[{"count":0,"href":"https:\/\/the-thesis-doctor.com\/index.php\/wp-json\/wp\/v2\/pages\/821\/revisions"}],"up":[{"embeddable":true,"href":"https:\/\/the-thesis-doctor.com\/index.php\/wp-json\/wp\/v2\/pages\/44"}],"wp:attachment":[{"href":"https:\/\/the-thesis-doctor.com\/index.php\/wp-json\/wp\/v2\/media?parent=821"}],"curies":[{"name":"wp","href":"https:\/\/api.w.org\/{rel}","templated":true}]}}