{"id":125,"date":"2018-02-28T03:45:28","date_gmt":"2018-02-28T03:45:28","guid":{"rendered":"http:\/\/thesis-doctor.com\/?page_id=125"},"modified":"2019-11-12T15:28:33","modified_gmt":"2019-11-12T15:28:33","slug":"why-should-i-go-to-you","status":"publish","type":"page","link":"https:\/\/the-thesis-doctor.com\/index.php\/why-should-i-go-to-you\/","title":{"rendered":"Why should I go to you?"},"content":{"rendered":"<div class=\"entry-content\">\n<blockquote><p>\u201cMy university has a Writing Center. They offer free proofreading; and editing at $10 an hour, with a maximum fee of $500 for a Doctoral dissertation or book. Why should I go to you?\u201d<\/p><\/blockquote>\n<p>&nbsp;<\/p>\n<p><span style=\"color: #008080;\"><b>(1)\u00a0 I Am A Subject-Matter Specialist.<\/b>\u00a0 <b>I have degrees in law, and an interdisciplinary PhD in communications, sociology and organizational culture.<\/b><\/span><\/p>\n<p>Beyond that, I have taught and developed graduate-level courses in law, business, communications, criminology, and more.<\/p>\n<p>On the contrary, many instructors and editors at university Writing Centers are Grad students, or undergraduates majoring in English.<\/p>\n<p>Others have a Master\u2019s in English language, linguistics or literature, but very few have a PhD in a specialized field.<\/p>\n<p>Proofreaders and \u201ceditors\u201d at these centers are often undergraduates whose \u201cediting\u201d is, at best, limited to grammar and punctuation.<\/p>\n<p>But they are <u>clueless<\/u> about thesis statements, theoretical framework(s), or how best to word your hypotheses or research problem to reflect your research goals.<\/p>\n<p>I know, because <b><span style=\"color: #800080;\">I\u2019m often asked to fix dissertations \u201cedited\u201d by Writing Center editors.<\/span> <\/b><\/p>\n<p>&nbsp;<\/p>\n<p><span style=\"color: #008080;\"><b>(2)\u00a0 I Get Your Work Edited On Time.<\/b><\/span><\/p>\n<p>I have never missed a deadline, no matter how tight.\u00a0 (See <span style=\"color: #0000ff;\"><strong><a style=\"color: #0000ff;\" href=\"https:\/\/the-thesis-doctor.com\/index.php\/dr-felix-rodriguez\/\">here<\/a><\/strong><\/span>, <strong><span style=\"color: #0000ff;\"><a style=\"color: #0000ff;\" href=\"https:\/\/the-thesis-doctor.com\/index.php\/dr-tatjana-todorovic\/\">here<\/a><\/span><\/strong>, <strong><span style=\"color: #0000ff;\"><a style=\"color: #0000ff;\" href=\"https:\/\/the-thesis-doctor.com\/index.php\/dr-hee-jhee-jhiow\/\">here<\/a><\/span><\/strong>, and <strong><span style=\"color: #0000ff;\"><a style=\"color: #0000ff;\" href=\"https:\/\/the-thesis-doctor.com\/index.php\/dr-k-shanmugam\/\">here<\/a><\/span><\/strong>.)<\/p>\n<p>If you have a crucial deadline, <a href=\"http:\/\/thesis-doctor.com\/index.php\/contact-now\/\" target=\"_blank\" rel=\"noopener\"><span style=\"color: #0000ff;\"><strong>contact me<\/strong><\/span><\/a> first to confirm my availability.<\/p>\n<p>Plan it right, and this should leave you with plenty of time to make yourself some <b>cr\u00e8me br\u00fbl\u00e9e<\/b> before you have to sit down and read my edits of your work.<\/p>\n<p>&nbsp;<\/p>\n<p><span style=\"color: #008080;\"><b>(3)\u00a0 I Have An Unparalleled, 100% Successful Doctoral Completion Rate.<\/b><\/span><\/p>\n<p>My track record in academic editing speaks for itself.<\/p>\n<\/div>\n","protected":false},"excerpt":{"rendered":"<p>\u201cMy university has a Writing Center. They offer free proofreading; and editing at $10 an hour, with a maximum fee of $500 for a Doctoral dissertation or book. Why should I go to you?\u201d &nbsp; (1)\u00a0 I Am A Subject-Matter Specialist.\u00a0 I have degrees in law, and an interdisciplinary PhD in communications, sociology and organizational [&hellip;]<\/p>\n","protected":false},"author":1,"featured_media":0,"parent":0,"menu_order":0,"comment_status":"closed","ping_status":"closed","template":"","meta":{"footnotes":""},"class_list":["post-125","page","type-page","status-publish","hentry"],"_links":{"self":[{"href":"https:\/\/the-thesis-doctor.com\/index.php\/wp-json\/wp\/v2\/pages\/125","targetHints":{"allow":["GET"]}}],"collection":[{"href":"https:\/\/the-thesis-doctor.com\/index.php\/wp-json\/wp\/v2\/pages"}],"about":[{"href":"https:\/\/the-thesis-doctor.com\/index.php\/wp-json\/wp\/v2\/types\/page"}],"author":[{"embeddable":true,"href":"https:\/\/the-thesis-doctor.com\/index.php\/wp-json\/wp\/v2\/users\/1"}],"replies":[{"embeddable":true,"href":"https:\/\/the-thesis-doctor.com\/index.php\/wp-json\/wp\/v2\/comments?post=125"}],"version-history":[{"count":0,"href":"https:\/\/the-thesis-doctor.com\/index.php\/wp-json\/wp\/v2\/pages\/125\/revisions"}],"wp:attachment":[{"href":"https:\/\/the-thesis-doctor.com\/index.php\/wp-json\/wp\/v2\/media?parent=125"}],"curies":[{"name":"wp","href":"https:\/\/api.w.org\/{rel}","templated":true}]}}